{"id":4748,"date":"2021-05-21T14:13:33","date_gmt":"2021-05-21T13:13:33","guid":{"rendered":"https:\/\/golfline.at\/?page_id=4748"},"modified":"2022-08-21T15:46:51","modified_gmt":"2022-08-21T14:46:51","slug":"impressum","status":"publish","type":"page","link":"https:\/\/golfline.at\/en\/impressum\/","title":{"rendered":"Imprint"},"content":{"rendered":"<div  class=\"sec_row container\"><div class=\"vc_row wpb_row vc_row-fluid\"><div class=\"wpb_column vc_column_container vc_col-sm-12 et-dark-column\"><div class=\"vc_column-inner\"><div class=\"wpb_wrapper\">\n\t<div class=\"wpb_text_column wpb_content_element\" >\n\t\t<div class=\"wpb_wrapper\">\n\t\t\t<p>Golfline KG<\/p>\n<p><strong>Inhaber<\/strong>: Werner und Monika Dirtl<\/p>\n<p><strong>Standort<\/strong>:<\/p>\n<p>A-2362 Biedermannsdorf, Georg Humbhandlgasse 20<\/p>\n<p>Tel. +43 2236 710049<\/p>\n<p>Mail: office@golfline.at<\/p>\n<p>UID-Nr.: ATU77848901<\/p>\n<p>FN: 574275y<br \/>\nFB-Gericht: M\u00f6dling<\/p>\n<p>Firmengericht: Handelsgericht Wr. Neustadt<\/p>\n<p>Mitglied der WK\u00d6, WKN\u00d6.<\/p>\n<p><strong>Offenlegung gem\u00e4\u00df \u00a725 Mediengesetz<\/strong><br \/>\nMedieninhaber Werner Dirtl<br \/>\nFirmensitz (Ort der Hauptniederlassung) Biedermannsdorf<br \/>\nUnternehmensgegenstand: Vertrieb von Golfprodukten<\/p>\n\n\t\t<\/div>\n\t<\/div>\n<\/div><\/div><\/div><\/div><\/div>","protected":false},"excerpt":{"rendered":"Golfline KG Inhaber: Werner und Monika Dirtl Standort: A-2362 Biedermannsdorf, Georg Humbhandlgasse 20 Tel. +43 2236 710049 Mail: office@golfline.at UID-Nr.: ATU77848901 FN: 574275y FB-Gericht: M\u00f6dling Firmengericht: Handelsgericht Wr. Neustadt Mitglied der WK\u00d6, WKN\u00d6. Offenlegung gem\u00e4\u00df \u00a725 Mediengesetz Medieninhaber Werner Dirtl Firmensitz (Ort der Hauptniederlassung) Biedermannsdorf Unternehmensgegenstand: Vertrieb von Golfprodukten","protected":false},"author":1,"featured_media":0,"parent":0,"menu_order":0,"comment_status":"closed","ping_status":"closed","template":"","meta":[],"_links":{"self":[{"href":"https:\/\/golfline.at\/en\/wp-json\/wp\/v2\/pages\/4748"}],"collection":[{"href":"https:\/\/golfline.at\/en\/wp-json\/wp\/v2\/pages"}],"about":[{"href":"https:\/\/golfline.at\/en\/wp-json\/wp\/v2\/types\/page"}],"author":[{"embeddable":true,"href":"https:\/\/golfline.at\/en\/wp-json\/wp\/v2\/users\/1"}],"replies":[{"embeddable":true,"href":"https:\/\/golfline.at\/en\/wp-json\/wp\/v2\/comments?post=4748"}],"version-history":[{"count":5,"href":"https:\/\/golfline.at\/en\/wp-json\/wp\/v2\/pages\/4748\/revisions"}],"predecessor-version":[{"id":7345,"href":"https:\/\/golfline.at\/en\/wp-json\/wp\/v2\/pages\/4748\/revisions\/7345"}],"wp:attachment":[{"href":"https:\/\/golfline.at\/en\/wp-json\/wp\/v2\/media?parent=4748"}],"curies":[{"name":"wp","href":"https:\/\/api.w.org\/{rel}","templated":true}]}}