{"id":57,"date":"2019-03-17T15:40:42","date_gmt":"2019-03-17T15:40:42","guid":{"rendered":"https:\/\/goya.everthemes.com\/demo-fashion\/?page_id=57"},"modified":"2022-01-04T13:26:53","modified_gmt":"2022-01-04T12:26:53","slug":"agbs","status":"publish","type":"page","link":"https:\/\/golfline.at\/en\/agbs\/","title":{"rendered":"Terms and conditions"},"content":{"rendered":"<div  class=\"sec_row container\"><div class=\"vc_row wpb_row vc_row-fluid\"><div class=\"wpb_column vc_column_container vc_col-sm-12 et-dark-column\"><div class=\"vc_column-inner\"><div class=\"wpb_wrapper\">\n\t<div class=\"wpb_text_column wpb_content_element\" >\n\t\t<div class=\"wpb_wrapper\">\n\t\t\t<p>Terms and conditions<\/p>\n<p>VERKAUFS &amp; LIEFERBEDINGUNGEN <strong>Online Shop www.golfline.at<\/strong><\/p>\n<p>&nbsp;<\/p>\n<p>Diese Bedingungen gelten ausschlie\u00dflich und auch f\u00fcr k\u00fcnftige gleichartige Gesch\u00e4fte, soweit nicht schriftlich etwas anderes vereinbart ist. Entgegenstehende oder abweichende Bedingungen des Bestellers sind f\u00fcr uns unverbindlich, auch wenn wir ihnen nicht ausdr\u00fccklich widersprochen oder die Lieferung ohne Einspruch gegen entgegenstehende Bedingungen vorgenommen haben.<\/p>\n<p>&nbsp;<\/p>\n<p>Leistungsumfang und Vertragsabschluss Unsere Angebote sind freibleibend. Der Vertrag gilt als geschlossen, wenn wir nach Erhalt einer Bestellung \u00fcber unseren Online Shop <strong>www.golfline.at<\/strong> erhalten. Das gilt auch f\u00fcr Bestellungen an unsere Handelsvertreter.\u00a0 Alle technischen Daten unserer Kataloge, Liste und Zeichnungen sowie die Gewichts- und Ma\u00dfangaben sind sorgf\u00e4ltig erstellt. Irrtum vorbehalten; gleiches gilt f\u00fcr alle Daten in unseren Verkaufsunterlagen, auch jener unserer Zulieferanten<\/p>\n<p>Liefertermine: Der Liefertermin ist unverbindlich, sofern schriftlich nicht ausdr\u00fccklich anderes vereinbart ist. Die Lieferfrist verl\u00e4ngert sich bei Eintritt unvorhergesehener, au\u00dfergew\u00f6hnlichen oder unabwendbarer Ereignisse jedweder Art, insbesondere bei Streiks, auch illegalen Streiks, Aussperrungen sowie bei nicht rechtzeitiger Selbstbelieferung, auch wenn diese Ereignisse erst w\u00e4hrend eines bereits vorliegenden Verzuges eintreten. Der Besteller wird hiervon unverz\u00fcglich nach bekanntwerden schriftlich benachrichtigt. Im Falle eines von uns zu vertretenden Lieferverzuges wird eine angemessene Nachfrist gew\u00e4hren, bevor er Rechte aus dem Verzug geltend macht. Erst wenn die Nachfrist nicht eingehalten ist, kann der Besteller unter Ausschluss aller weiter gehenden Rechte schriftlich vom Vertrag zur\u00fccktreten<\/p>\n<p>&nbsp;<\/p>\n<p>Gefahren\u00fcbergang Die Gefahr geht auf den Besteller \u00fcber, wenn die Ware das Werk oder Auslieferungslager verlassen hat; das gilt auch f\u00fcr Teillieferungen. Das Transportrisiko ist von uns nicht abgesichert. Der Versand erfolgt im Auftrag des Bestellers, unfrei. F\u00fcr Auftr\u00e4ge unter einem Nettofakturenwert von EUR 100,\u2013 werden Regiekosten in der H\u00f6he von EUR 10,\u2013 verrechnet. Ausgenommen sind Kleinlieferungen durch unser Verschulden.<\/p>\n<p>&nbsp;<\/p>\n<p>Preise, Zahlungsbedingungen Alle Preise verstehen sich ab Werk oder Auslieferungslager mit Umsatz (Mehrwert)Steuer. Verpackung und Transportkosten die uns vom Vorlieferanten in Rechnung gestellt werden, werden gesondert verrechnet. Die Zahlung gilt an dem Tag als geleistet, an welchem wir \u00fcber den Rechnungsbetrag verlustfrei verf\u00fcgen k\u00f6nnen. Bei Verzug von Bezahlung einer Rechnung werden s\u00e4mtliche Forderungen einschlie\u00dflich sp\u00e4ter f\u00e4llig werdender Wechsel, ungeachtet eines vereinbarten Zahlungsziels, sofort f\u00e4llig.<\/p>\n<p>&nbsp;<\/p>\n<p>Eigentumsvorbehalt Die gelieferten Waren bleiben unser Eigentum bis zur g\u00e4nzlichen Bezahlung aller aus der Gesch\u00e4ftsverbindung bestehenden noch offenen Forderungen. Die Vorbehaltswaren d\u00fcrfen nur im ordnungsgem\u00e4\u00dfen Gesch\u00e4ftsverkehr ver\u00e4u\u00dfert werden. Die aus einer Ver\u00e4u\u00dferung der Vorbehaltsware entstehenden Forderungen tritt der K\u00e4ufer mit ihrem Entstehen an uns zur Sicherung unserer Forderungen zur G\u00e4nze ab. Wir behalten uns das Recht vor, s\u00e4mtliche von uns gelieferten und noch vorr\u00e4tiger Waren jederzeit, auch bei einem Insolvenzverfahren, zur\u00fcckzufordern. Der Verkauf vorr\u00e4tiger Waren bei einem Insolvenzverfahren ist nur mit unserer ausdr\u00fccklichen schriftlichen Zustimmung gestattet. Es gilt vereinbart, dass alle eventuellen Gegenforderungen, unabh\u00e4ngig ob Warenlieferung oder Dienstleistung, mit schuldbefreiender Wirkung zahlungshalber mit unseren Forderungen aufzurechnen sind. Dies gilt besonders in einem Insolvenzverfahren.<\/p>\n<p>&nbsp;<\/p>\n<p>Bestellware:\u00a0 Ware, die nicht auf Lager ist und die eigens auf Kundenwunsch bestellt wird.<\/p>\n<p>F\u00fcr diese Ware wird ausdr\u00fccklich vereinbart, dass unserseits keinerlei Verpflichtung zur R\u00fccknahme oder Gutschrift besteht.<\/p>\n<p>&nbsp;<\/p>\n<p>Warenr\u00fccksendungen R\u00fccksendungen k\u00f6nnen nur binnen 4 Wochen nach Rechnungslegung mit unserer vorherigen Einwilligung und nur frachtkostenfrei vorgenommen werden. Alle Kosten f\u00fcr Liefern, Zur\u00fccknehmen und Wiedereinlagerung werden an der Gutschrift gek\u00fcrzt, diese betragen 20% vom berechneten Wert; dies gilt nicht im Falle eines berechtigten R\u00fccktritts des Bestellers vom Vertrag, jedoch auch bei R\u00fcckholung von Vorbehaltswaren bei Insolvenz.<\/p>\n<p>&nbsp;<\/p>\n<p>Gew\u00e4hrleistung und Haftung f\u00fcr M\u00e4ngel Die Gew\u00e4hrleistungsfrist betr\u00e4gt 6 Monate, soweit nicht f\u00fcr einzelne Liefergegenst\u00e4nde besondere Gew\u00e4hrleistungsfirsten gelten. Der Lauf der Gew\u00e4hrleistungsfrist beginnt mit dem Zeitpunkt des Gefahren\u00fcberganges. Der K\u00e4ufer hat sofort entdeckbare M\u00e4ngel unverz\u00fcglich nach Empfang, andere M\u00e4ngel innerhalb einer Woche nach Entdeckung mittels eingeschriebenen Briefs zu beanstanden. Die Garantieleistung betrifft nur die von uns gelieferte Ware. Es werden keinerlei anfallende Dienstleistungen f\u00fcr den Tausch der Ware abgegolten oder bezahlt. Bei Lieferung der Ware durch einen Spediteur oder Paketdienst ist das Schadensprotokoll sofort aufzunehmen und an uns weiter zu leiten. Es gilt als ausdr\u00fccklich vereinbart, dass seitens des K\u00e4ufers gegen uns kein Anspruch auf wie auch immer gearteten Schadensersatz wie f\u00fcr Verletzung von Personen, f\u00fcr Folgesch\u00e4den an G\u00fctern, die nicht Vertragsgegenstand sind, sowie kein Anspruch auf entgangenen Gewinn besteht.<\/p>\n<p>&nbsp;<\/p>\n<p>Muster, Handelswaren, Sonderprodukte, Schutzwaren Muster werden grunds\u00e4tzlich berechnet. Bei R\u00fcckgabe innerhalb von 4 Wochen im verkaufsf\u00e4higen Zustand schreiben wir die Ware gut. Sollten die Muster gebraucht worden sein, gilt unserer Passus Warenr\u00fccksendungen. Als Handelswaren gelten grunds\u00e4tzlich alle \u2013 nicht in unserem Haus gefertigten \u2013 Produkte. Bei Bestellungen von Sonderprodukten ist darauf zu achten, dass \u00c4nderungen und St\u00fcckzahl nur in schriftlicher und einvernehmlicher Form m\u00f6glich sind. Bestellte und speziell gefertigte Produkte sind abnahmepflichtig. Nachbestellungen k\u00f6nnen nicht von der vereinbarten Preisbasis abgeleitet werden und unterliegen unseren kalkulatorischen M\u00f6glichkeiten. F\u00fcr die Einhaltung von Patent und Lizenzrechten nach Gefahren\u00fcbergang haftet ausschlie\u00dflich der K\u00e4ufer. Dies gilt insbesondere f\u00fcr die weitere Ver\u00e4u\u00dferung, Bearbeitung und den Export der von uns gelieferten Waren.<\/p>\n<p>&nbsp;<\/p>\n<p>Sonstige vertragliche und gesetzliche Anspr\u00fcche Erg\u00e4nzend zu unseren Verkaufs &amp; Lieferbedingungen gelten die allgemeinen Lieferbedingungen des Online Handels \u00d6sterreichs. Bei Unanwendbarkeit einzelner Punkte sind sie sinngem\u00e4\u00df so zu Ersetzen wie es unser Wille war.<\/p>\n<p>&nbsp;<\/p>\n<p>Gerichtsstand und Erf\u00fcllungsort Gerichtsstand f\u00fcr alle Anspr\u00fcche aus dem zugrungeliegenden Vetragsverh\u00e4ltnis, insbesondere f\u00fcr Kaufpreisanspr\u00fcche, ist Wien. Dies gilt auch f\u00fcr Anspr\u00fcche, die im Mahnverfahren verfolgt werden. Wir behalten uns jedoch auf das Recht vor, den K\u00e4ufer auch an dem f\u00fcr seinen Wohnsitz zust\u00e4ndigen Gericht zu verklagen. Erf\u00fcllungsort f\u00fcr Lieferungen und Zahlungen ist M\u00f6dling. Im \u00dcbrigen gilt \u2013 auch f\u00fcr Export \u2013 \u00f6sterreichische Recht.<\/p>\n<p>Es ist Ihnen zu keiner Zeit gestattet, ohne vorherige schriftliche Zustimmung von Golfline W\u00f6rter oder Zeichen zu \u00fcbernehmen oder zu verwenden, die den Marken von Golfline \u00e4hneln oder mit diesen verwechselt werden k\u00f6nnten.<br \/>\nBei der Gestaltung und dem Eindruck der Website von Golfline, einschlie\u00dflich aller Seiten\u00fcberschriften, individuell gestalteten Grafiken, Schaltfl\u00e4chensymbole und Skripten handelt es sich um eine Handelsaufmachung und\/oder Marke oder Dienstleistungsmarke von Golfline und darf ohne vorherige schriftliche Zustimmung von Golfline weder ganz noch teilweise kopiert, imitiert oder verwendet werden.<\/p>\n<p>Alle anderen Marken, Produktnamen und Firmennamen oder Logos, die auf der Website erscheinen oder verwendet werden, sind Eigentum der jeweiligen Inhaber. Die Bezugnahme auf Produkte, Dienstleistungen, Verfahren oder andere Informationen mittels des Handelsnamens, der Marke, des Herstellers, Lieferanten oder auf sonstige Weise stellt nicht zwingend deren Billigung, Unterst\u00fctzung oder Empfehlung durch Golfline dar, sofern dies nicht ausdr\u00fccklich so erkl\u00e4rt ist.<\/p>\n<p>Es ist Ihnen nicht gestattet, Marken, Logos, Bilder oder andere gesch\u00fctzte Grafiken von Golfline ohne die ausdr\u00fcckliche schriftliche Genehmigung durch Golfline f\u00fcr die Verlinkung zur Website von Golfline zu verwenden.<br \/>\nEs ist Ihnen nicht gestattet, ohne vorherige schriftliche Genehmigung von Golfline die Website oder Bilder von Golfline mittels Hotlinking oder Framing einzubetten.<\/p>\n<p>&nbsp;<\/p>\n<p><a href=\"https:\/\/golfline.at\/en\/\"><strong>www.golfline.at<\/strong><\/a><\/p>\n\n\t\t<\/div>\n\t<\/div>\n<\/div><\/div><\/div><\/div><\/div>","protected":false},"excerpt":{"rendered":"AGBs VERKAUFS &amp; LIEFERBEDINGUNGEN Online Shop www.golfline.at &nbsp; Diese Bedingungen gelten ausschlie\u00dflich und auch f\u00fcr k\u00fcnftige gleichartige Gesch\u00e4fte, soweit nicht schriftlich etwas anderes vereinbart ist. Entgegenstehende oder abweichende Bedingungen des Bestellers sind f\u00fcr uns unverbindlich, auch wenn wir ihnen nicht ausdr\u00fccklich widersprochen oder die Lieferung ohne Einspruch gegen entgegenstehende Bedingungen&hellip;","protected":false},"author":1,"featured_media":0,"parent":0,"menu_order":0,"comment_status":"closed","ping_status":"closed","template":"","meta":[],"_links":{"self":[{"href":"https:\/\/golfline.at\/en\/wp-json\/wp\/v2\/pages\/57"}],"collection":[{"href":"https:\/\/golfline.at\/en\/wp-json\/wp\/v2\/pages"}],"about":[{"href":"https:\/\/golfline.at\/en\/wp-json\/wp\/v2\/types\/page"}],"author":[{"embeddable":true,"href":"https:\/\/golfline.at\/en\/wp-json\/wp\/v2\/users\/1"}],"replies":[{"embeddable":true,"href":"https:\/\/golfline.at\/en\/wp-json\/wp\/v2\/comments?post=57"}],"version-history":[{"count":9,"href":"https:\/\/golfline.at\/en\/wp-json\/wp\/v2\/pages\/57\/revisions"}],"predecessor-version":[{"id":5232,"href":"https:\/\/golfline.at\/en\/wp-json\/wp\/v2\/pages\/57\/revisions\/5232"}],"wp:attachment":[{"href":"https:\/\/golfline.at\/en\/wp-json\/wp\/v2\/media?parent=57"}],"curies":[{"name":"wp","href":"https:\/\/api.w.org\/{rel}","templated":true}]}}