{"id":6056,"date":"2022-02-28T19:35:05","date_gmt":"2022-02-28T18:35:05","guid":{"rendered":"https:\/\/golfline.at\/?page_id=6056"},"modified":"2025-04-07T14:44:43","modified_gmt":"2025-04-07T13:44:43","slug":"ueber-uns","status":"publish","type":"page","link":"https:\/\/golfline.at\/en\/ueber-uns\/","title":{"rendered":"About us"},"content":{"rendered":"<div  class=\"sec_row container\"><div class=\"vc_row wpb_row vc_row-fluid\"><div class=\"wpb_column vc_column_container vc_col-sm-8 et-dark-column\"><div class=\"vc_column-inner\"><div class=\"wpb_wrapper\">\n\t<div class=\"wpb_text_column wpb_content_element\" >\n\t\t<div class=\"wpb_wrapper\">\n\t\t\t<p><span style=\"font-size: 18pt; color: #ff00ff;\"><strong><em>Golfline<\/em><\/strong><\/span> that's us, Werner and Monika Dirtl<\/p>\n<p>Gemeinsam gehen wir bereits seit \u00fcber 35 Jahren &#8211; teilweise auch beruflich &#8211; durchs Leben. Und nun ist die <strong><em>\"Golfline\"<\/em><\/strong> is the perfect combination of hobby and business.<\/p>\n<p>Seit nunmehr fast 20 Jahren dreht sich unsere\u00a0 Freizeit zu einem Gro\u00dfteil um entspannte Golfrunden mit netten Menschen. Und auch unsere Urlaube haben sich ver\u00e4ndert: sch\u00f6ne Golfpl\u00e4tze und Sonnenschein sind das Kriterium. Darum zieht es uns sehr oft nach Italien, nach Spanien und nat\u00fcrlich spielen wir auch sehr gerne in \u00d6sterreich.<\/p>\n<p>Wie die Idee zu unseren Handschuhen entstanden ist? Der Anfang war ein spontaner Einfall, da es so gut wie keine bunten Golfhandschuhe am Markt gab.<\/p>\n<p>Warum also nicht eigene Golfhandschuhe kreieren?<br \/>\nMittlerweile bringen wir mit einer kompletten Kollektion Farbe in Spiel! Von Herren- und Damenhandschuhen (f\u00fcr Rechts- und Linksh\u00e4nder) \u00fcber passende Poloshirts oder Kleider bis zu Accessoires. Und der Erfolg gibt uns recht<em> &#8211;<\/em> viele zufriedene Kunden, Messeteilnahmen und Golfclubs!<\/p>\n<p>We are happy about golfers who share our passion for golf and colourful design. This is the source of our motivation to develop new designs and thus expand our range.<\/p>\n<p>We are happy to receive suggestions, requests and comments via the contact form on our website.<\/p>\n<p>We wish you colourful rounds of golf!\u00a0\u00a0 \u00a0 \u00a0 \u00a0 \u00a0 \u00a0 \u00a0 \u00a0 \u00a0 \u00a0 \u00a0 \u00a0 <img loading=\"lazy\" class=\"wp-image-7649 alignnone\" src=\"https:\/\/golfline.at\/wp-content\/uploads\/2022\/11\/GOLFLINE_Signatur_L-300x182.png\" alt=\"\" width=\"126\" height=\"76\" srcset=\"https:\/\/golfline.at\/wp-content\/uploads\/2022\/11\/GOLFLINE_Signatur_L-300x182.png 300w, https:\/\/golfline.at\/wp-content\/uploads\/2022\/11\/GOLFLINE_Signatur_L-1024x622.png 1024w, https:\/\/golfline.at\/wp-content\/uploads\/2022\/11\/GOLFLINE_Signatur_L-768x467.png 768w, https:\/\/golfline.at\/wp-content\/uploads\/2022\/11\/GOLFLINE_Signatur_L-150x91.png 150w, https:\/\/golfline.at\/wp-content\/uploads\/2022\/11\/GOLFLINE_Signatur_L-900x547.png 900w, https:\/\/golfline.at\/wp-content\/uploads\/2022\/11\/GOLFLINE_Signatur_L-99x60.png 99w, https:\/\/golfline.at\/wp-content\/uploads\/2022\/11\/GOLFLINE_Signatur_L-148x90.png 148w, https:\/\/golfline.at\/wp-content\/uploads\/2022\/11\/GOLFLINE_Signatur_L.png 1516w\" sizes=\"(max-width: 126px) 100vw, 126px\" \/><\/p>\n<p>&nbsp;<\/p>\n\n\t\t<\/div>\n\t<\/div>\n<\/div><\/div><\/div><div class=\"wpb_column vc_column_container vc_col-sm-4 et-dark-column\"><div class=\"vc_column-inner\"><div class=\"wpb_wrapper\">\n\t<div  class=\"wpb_single_image wpb_content_element vc_align_left\">\n\t\t\n\t\t<figure class=\"wpb_wrapper vc_figure\">\n\t\t\t<div class=\"vc_single_image-wrapper vc_box_rounded  vc_box_border_grey\"><img width=\"300\" height=\"225\" src=\"https:\/\/golfline.at\/wp-content\/uploads\/2025\/04\/IMG_4025-300x225.jpg\" class=\"vc_single_image-img attachment-medium\" alt=\"\" loading=\"lazy\" srcset=\"https:\/\/golfline.at\/wp-content\/uploads\/2025\/04\/IMG_4025-300x225.jpg 300w, https:\/\/golfline.at\/wp-content\/uploads\/2025\/04\/IMG_4025-16x12.jpg 16w, https:\/\/golfline.at\/wp-content\/uploads\/2025\/04\/IMG_4025-150x113.jpg 150w, https:\/\/golfline.at\/wp-content\/uploads\/2025\/04\/IMG_4025-80x60.jpg 80w, https:\/\/golfline.at\/wp-content\/uploads\/2025\/04\/IMG_4025-120x90.jpg 120w, https:\/\/golfline.at\/wp-content\/uploads\/2025\/04\/IMG_4025.jpg 640w\" sizes=\"(max-width: 300px) 100vw, 300px\" \/><\/div>\n\t\t<\/figure>\n\t<\/div>\n<\/div><\/div><\/div><\/div><\/div>","protected":false},"excerpt":{"rendered":"Golfline \u2013 das sind wir, Werner und Monika Dirtl Gemeinsam gehen wir bereits seit \u00fcber 35 Jahren - teilweise auch beruflich - durchs Leben. Und nun ist die \"Golfline\" die perfekte Kombination aus Hobby und Business. Seit nunmehr fast 20 Jahren dreht sich unsere\u00a0 Freizeit zu einem Gro\u00dfteil um entspannte&hellip;","protected":false},"author":1,"featured_media":0,"parent":0,"menu_order":0,"comment_status":"closed","ping_status":"closed","template":"","meta":[],"_links":{"self":[{"href":"https:\/\/golfline.at\/en\/wp-json\/wp\/v2\/pages\/6056"}],"collection":[{"href":"https:\/\/golfline.at\/en\/wp-json\/wp\/v2\/pages"}],"about":[{"href":"https:\/\/golfline.at\/en\/wp-json\/wp\/v2\/types\/page"}],"author":[{"embeddable":true,"href":"https:\/\/golfline.at\/en\/wp-json\/wp\/v2\/users\/1"}],"replies":[{"embeddable":true,"href":"https:\/\/golfline.at\/en\/wp-json\/wp\/v2\/comments?post=6056"}],"version-history":[{"count":18,"href":"https:\/\/golfline.at\/en\/wp-json\/wp\/v2\/pages\/6056\/revisions"}],"predecessor-version":[{"id":11702,"href":"https:\/\/golfline.at\/en\/wp-json\/wp\/v2\/pages\/6056\/revisions\/11702"}],"wp:attachment":[{"href":"https:\/\/golfline.at\/en\/wp-json\/wp\/v2\/media?parent=6056"}],"curies":[{"name":"wp","href":"https:\/\/api.w.org\/{rel}","templated":true}]}}