{"id":6727,"date":"2022-06-01T19:45:46","date_gmt":"2022-06-01T18:45:46","guid":{"rendered":"https:\/\/golfline.at\/?page_id=6727"},"modified":"2025-10-05T16:59:53","modified_gmt":"2025-10-05T15:59:53","slug":"kundenanfertigungen","status":"publish","type":"page","link":"https:\/\/golfline.at\/en\/kundenanfertigungen\/","title":{"rendered":"Custom made"},"content":{"rendered":"<div  class=\"sec_row container\"><div class=\"vc_row wpb_row vc_row-fluid\"><div class=\"wpb_column vc_column_container vc_col-sm-12 et-dark-column\"><div class=\"vc_column-inner\"><div class=\"wpb_wrapper\">\n\t<div class=\"wpb_text_column wpb_content_element\" >\n\t\t<div class=\"wpb_wrapper\">\n\t\t\t<p style=\"text-align: center;\"><em><span style=\"font-size: 18pt;\">Especially for Golfclubs, hotels, companies <\/span><span style=\"color: #800080; font-size: 14pt;\"><strong><span style=\"font-size: 18pt;\">GOLFCLUBS, HOTELS, UNTERNEHMEN<\/span><br \/>\n<\/strong><\/span><\/em><\/p>\n<p><span style=\"font-size: 14pt;\"><em>Ihr Logo auf einem Handschuh, Poloshirt oder auch als Ballmarker f\u00fcr unsere zweifarbigen Wendeg\u00fcrtel. Wir gehen auf jegliche W\u00fcnsche unserer Kunden ein und fertigen auch in Kleinserien. Perfekt geeignet als Startgeschenk f\u00fcr Turniere, f\u00fcr Tombola oder auch einfach als Werbung!<\/em><\/span><\/p>\n<p><span style=\"font-size: 14pt;\"><em>Sie erhalten vorab einige Vorschl\u00e4ge, aus denen Sie dann Ihr Wunschdesign w\u00e4hlen. Gerne erstellen wir Ihr ganz pers\u00f6nliches Angebot und freuen uns auf Ihre Anfrage unter <strong>office@golfline.at<\/strong><\/em><\/span><\/p>\n<p><span style=\"font-size: 14pt;\"><em>We would be pleased to count you among our satisfied customers soon. <\/em><\/span><\/p>\n<p><span style=\"font-size: 14pt;\"><em><img loading=\"lazy\" class=\"wp-image-8415 aligncenter\" src=\"https:\/\/golfline.at\/wp-content\/uploads\/2023\/04\/GOLFLINE_Signatur_M-300x182.jpg\" alt=\"\" width=\"166\" height=\"100\" srcset=\"https:\/\/golfline.at\/wp-content\/uploads\/2023\/04\/GOLFLINE_Signatur_M-300x182.jpg 300w, https:\/\/golfline.at\/wp-content\/uploads\/2023\/04\/GOLFLINE_Signatur_M-150x91.jpg 150w, https:\/\/golfline.at\/wp-content\/uploads\/2023\/04\/GOLFLINE_Signatur_M-99x60.jpg 99w, https:\/\/golfline.at\/wp-content\/uploads\/2023\/04\/GOLFLINE_Signatur_M-148x90.jpg 148w, https:\/\/golfline.at\/wp-content\/uploads\/2023\/04\/GOLFLINE_Signatur_M.jpg 758w\" sizes=\"(max-width: 166px) 100vw, 166px\" \/><br \/>\n<\/em><\/span><\/p>\n\n\t\t<\/div>\n\t<\/div>\n<\/div><\/div><\/div><\/div><\/div><div  class=\"sec_row container\"><div class=\"vc_row wpb_row vc_row-fluid\"><div class=\"wpb_column vc_column_container vc_col-sm-6 et-dark-column\"><div class=\"vc_column-inner\"><div class=\"wpb_wrapper\">\n\t<div  class=\"wpb_single_image wpb_content_element vc_align_right\">\n\t\t\n\t\t<figure class=\"wpb_wrapper vc_figure\">\n\t\t\t<a href=\"http:\/\/www.gccbrunn.at\" target=\"_self\" class=\"vc_single_image-wrapper   vc_box_border_grey\"><img width=\"245\" height=\"300\" src=\"https:\/\/golfline.at\/wp-content\/uploads\/2022\/03\/grafik-245x300.png\" class=\"vc_single_image-img attachment-medium\" alt=\"\" loading=\"lazy\" srcset=\"https:\/\/golfline.at\/wp-content\/uploads\/2022\/03\/grafik-245x300.png 245w, https:\/\/golfline.at\/wp-content\/uploads\/2022\/03\/grafik-123x150.png 123w, https:\/\/golfline.at\/wp-content\/uploads\/2022\/03\/grafik-49x60.png 49w, https:\/\/golfline.at\/wp-content\/uploads\/2022\/03\/grafik-74x90.png 74w, https:\/\/golfline.at\/wp-content\/uploads\/2022\/03\/grafik.png 470w\" sizes=\"(max-width: 245px) 100vw, 245px\" \/><\/a>\n\t\t<\/figure>\n\t<\/div>\n<\/div><\/div><\/div><div class=\"wpb_column vc_column_container vc_col-sm-6 et-dark-column\"><div class=\"vc_column-inner\"><div class=\"wpb_wrapper\">\n\t<div class=\"wpb_text_column wpb_content_element\" >\n\t\t<div class=\"wpb_wrapper\">\n\t\t\t<p><a href=\"http:\/\/www.gccbrunn.at\">www.gccbrunn.at<\/a><\/p>\n<p>Golf- and Countryclub Brunn<\/p>\n<p>Your 18-hole golf course on the outskirts of Vienna<\/p>\n\n\t\t<\/div>\n\t<\/div>\n<\/div><\/div><\/div><\/div><\/div><div  class=\"sec_row container\"><div class=\"vc_row wpb_row vc_row-fluid\"><div class=\"wpb_column vc_column_container vc_col-sm-6 et-dark-column\"><div class=\"vc_column-inner\"><div class=\"wpb_wrapper\">\n\t<div  class=\"wpb_single_image wpb_content_element vc_align_right\">\n\t\t\n\t\t<figure class=\"wpb_wrapper vc_figure\">\n\t\t\t<a href=\"http:\/\/www.royalhotelsanremo.com\" target=\"_self\" class=\"vc_single_image-wrapper   vc_box_border_grey\"><img width=\"300\" height=\"253\" src=\"https:\/\/golfline.at\/wp-content\/uploads\/2022\/05\/WhatsApp-Image-2022-04-11-at-22.34.18-300x253.jpeg\" class=\"vc_single_image-img attachment-medium\" alt=\"\" loading=\"lazy\" srcset=\"https:\/\/golfline.at\/wp-content\/uploads\/2022\/05\/WhatsApp-Image-2022-04-11-at-22.34.18-300x253.jpeg 300w, https:\/\/golfline.at\/wp-content\/uploads\/2022\/05\/WhatsApp-Image-2022-04-11-at-22.34.18-900x759.jpeg 900w, https:\/\/golfline.at\/wp-content\/uploads\/2022\/05\/WhatsApp-Image-2022-04-11-at-22.34.18-1024x864.jpeg 1024w, https:\/\/golfline.at\/wp-content\/uploads\/2022\/05\/WhatsApp-Image-2022-04-11-at-22.34.18-768x648.jpeg 768w, https:\/\/golfline.at\/wp-content\/uploads\/2022\/05\/WhatsApp-Image-2022-04-11-at-22.34.18-150x127.jpeg 150w, https:\/\/golfline.at\/wp-content\/uploads\/2022\/05\/WhatsApp-Image-2022-04-11-at-22.34.18-71x60.jpeg 71w, https:\/\/golfline.at\/wp-content\/uploads\/2022\/05\/WhatsApp-Image-2022-04-11-at-22.34.18-107x90.jpeg 107w, https:\/\/golfline.at\/wp-content\/uploads\/2022\/05\/WhatsApp-Image-2022-04-11-at-22.34.18.jpeg 1280w\" sizes=\"(max-width: 300px) 100vw, 300px\" \/><\/a>\n\t\t<\/figure>\n\t<\/div>\n<\/div><\/div><\/div><div class=\"wpb_column vc_column_container vc_col-sm-6 et-dark-column\"><div class=\"vc_column-inner\"><div class=\"wpb_wrapper\">\n\t<div class=\"wpb_text_column wpb_content_element\" >\n\t\t<div class=\"wpb_wrapper\">\n\t\t\t<p><a href=\"http:\/\/www.royalhotelsanremo.com\">www.royalhotelsanremo.com<\/a><\/p>\n<p>Royal Hotel San Remo *****L<\/p>\n<p>Since 1872, we have tried every day anew to transform your life into a work of art, loosely based on the words of Oscar Wilde: to unite the splendour of the past with the comforts of the present in order to give pleasure.<\/p>\n\n\t\t<\/div>\n\t<\/div>\n<\/div><\/div><\/div><\/div><\/div><div  class=\"sec_row container\"><div class=\"vc_row wpb_row vc_row-fluid\"><div class=\"wpb_column vc_column_container vc_col-sm-6 et-dark-column\"><div class=\"vc_column-inner\"><div class=\"wpb_wrapper\">\n\t<div  class=\"wpb_single_image wpb_content_element vc_align_right\">\n\t\t\n\t\t<figure class=\"wpb_wrapper vc_figure\">\n\t\t\t<a href=\"http:\/\/www.zitta.at\" target=\"_self\" class=\"vc_single_image-wrapper   vc_box_border_grey\"><img width=\"300\" height=\"300\" src=\"https:\/\/golfline.at\/wp-content\/uploads\/2025\/10\/Blau_weiss-300x300.jpg\" class=\"vc_single_image-img attachment-medium\" alt=\"\" loading=\"lazy\" srcset=\"https:\/\/golfline.at\/wp-content\/uploads\/2025\/10\/Blau_weiss-300x300.jpg 300w, https:\/\/golfline.at\/wp-content\/uploads\/2025\/10\/Blau_weiss-150x150.jpg 150w, https:\/\/golfline.at\/wp-content\/uploads\/2025\/10\/Blau_weiss-768x768.jpg 768w, https:\/\/golfline.at\/wp-content\/uploads\/2025\/10\/Blau_weiss-12x12.jpg 12w, https:\/\/golfline.at\/wp-content\/uploads\/2025\/10\/Blau_weiss-900x900.jpg 900w, https:\/\/golfline.at\/wp-content\/uploads\/2025\/10\/Blau_weiss-100x100.jpg 100w, https:\/\/golfline.at\/wp-content\/uploads\/2025\/10\/Blau_weiss-60x60.jpg 60w, https:\/\/golfline.at\/wp-content\/uploads\/2025\/10\/Blau_weiss-90x90.jpg 90w, https:\/\/golfline.at\/wp-content\/uploads\/2025\/10\/Blau_weiss.jpg 1000w\" sizes=\"(max-width: 300px) 100vw, 300px\" \/><\/a>\n\t\t<\/figure>\n\t<\/div>\n<\/div><\/div><\/div><div class=\"wpb_column vc_column_container vc_col-sm-6 et-dark-column\"><div class=\"vc_column-inner\"><div class=\"wpb_wrapper\">\n\t<div class=\"wpb_text_column wpb_content_element\" >\n\t\t<div class=\"wpb_wrapper\">\n\t\t\t<p><a href=\"http:\/\/www.zitta.at\">www.bankersgolf.at<\/a><\/p>\n<p>Der Club f\u00fcr Golfbegeisterte &#8211; Golf is our passion!<\/p>\n\n\t\t<\/div>\n\t<\/div>\n<\/div><\/div><\/div><\/div><\/div><div  class=\"sec_row container\"><div class=\"vc_row wpb_row vc_row-fluid\"><div class=\"wpb_column vc_column_container vc_col-sm-6 et-dark-column\"><div class=\"vc_column-inner\"><div class=\"wpb_wrapper\">\n\t<div  class=\"wpb_single_image wpb_content_element vc_align_right\">\n\t\t\n\t\t<figure class=\"wpb_wrapper vc_figure\">\n\t\t\t<div class=\"vc_single_image-wrapper   vc_box_border_grey\"><img width=\"300\" height=\"253\" src=\"https:\/\/golfline.at\/wp-content\/uploads\/2022\/11\/Handschuh-2-300x253.jpeg\" class=\"vc_single_image-img attachment-medium\" alt=\"\" loading=\"lazy\" srcset=\"https:\/\/golfline.at\/wp-content\/uploads\/2022\/11\/Handschuh-2-300x253.jpeg 300w, https:\/\/golfline.at\/wp-content\/uploads\/2022\/11\/Handschuh-2-1024x865.jpeg 1024w, https:\/\/golfline.at\/wp-content\/uploads\/2022\/11\/Handschuh-2-768x649.jpeg 768w, https:\/\/golfline.at\/wp-content\/uploads\/2022\/11\/Handschuh-2-150x127.jpeg 150w, https:\/\/golfline.at\/wp-content\/uploads\/2022\/11\/Handschuh-2-900x760.jpeg 900w, https:\/\/golfline.at\/wp-content\/uploads\/2022\/11\/Handschuh-2-71x60.jpeg 71w, https:\/\/golfline.at\/wp-content\/uploads\/2022\/11\/Handschuh-2-107x90.jpeg 107w, https:\/\/golfline.at\/wp-content\/uploads\/2022\/11\/Handschuh-2.jpeg 1280w\" sizes=\"(max-width: 300px) 100vw, 300px\" \/><\/div>\n\t\t<\/figure>\n\t<\/div>\n<\/div><\/div><\/div><div class=\"wpb_column vc_column_container vc_col-sm-6 et-dark-column\"><div class=\"vc_column-inner\"><div class=\"wpb_wrapper\">\n\t<div class=\"wpb_text_column wpb_content_element\" >\n\t\t<div class=\"wpb_wrapper\">\n\t\t\t<p><a href=\"http:\/\/www.italiagolfmore.com\">www.italiagolfmore.com<\/a><\/p>\n<p>Golf holidays to Italy for over 25 years with heart and soul!<\/p>\n<p>We speak your language and are at your disposal!<\/p>\n\n\t\t<\/div>\n\t<\/div>\n<\/div><\/div><\/div><\/div><\/div><div  class=\"sec_row container\"><div class=\"vc_row wpb_row vc_row-fluid\"><div class=\"wpb_column vc_column_container vc_col-sm-6 et-dark-column\"><div class=\"vc_column-inner\"><div class=\"wpb_wrapper\">\n\t<div  class=\"wpb_single_image wpb_content_element vc_align_right\">\n\t\t\n\t\t<figure class=\"wpb_wrapper vc_figure\">\n\t\t\t<div class=\"vc_single_image-wrapper   vc_box_border_grey\"><img width=\"300\" height=\"300\" src=\"https:\/\/golfline.at\/wp-content\/uploads\/2023\/04\/GOLFLINE_HANDSCHUH_Mockup-2-300x300.jpg\" class=\"vc_single_image-img attachment-medium\" alt=\"\" loading=\"lazy\" srcset=\"https:\/\/golfline.at\/wp-content\/uploads\/2023\/04\/GOLFLINE_HANDSCHUH_Mockup-2-300x300.jpg 300w, https:\/\/golfline.at\/wp-content\/uploads\/2023\/04\/GOLFLINE_HANDSCHUH_Mockup-2-1024x1024.jpg 1024w, https:\/\/golfline.at\/wp-content\/uploads\/2023\/04\/GOLFLINE_HANDSCHUH_Mockup-2-150x150.jpg 150w, https:\/\/golfline.at\/wp-content\/uploads\/2023\/04\/GOLFLINE_HANDSCHUH_Mockup-2-768x768.jpg 768w, https:\/\/golfline.at\/wp-content\/uploads\/2023\/04\/GOLFLINE_HANDSCHUH_Mockup-2-900x900.jpg 900w, https:\/\/golfline.at\/wp-content\/uploads\/2023\/04\/GOLFLINE_HANDSCHUH_Mockup-2-100x100.jpg 100w, https:\/\/golfline.at\/wp-content\/uploads\/2023\/04\/GOLFLINE_HANDSCHUH_Mockup-2-60x60.jpg 60w, https:\/\/golfline.at\/wp-content\/uploads\/2023\/04\/GOLFLINE_HANDSCHUH_Mockup-2-90x90.jpg 90w, https:\/\/golfline.at\/wp-content\/uploads\/2023\/04\/GOLFLINE_HANDSCHUH_Mockup-2.jpg 1280w\" sizes=\"(max-width: 300px) 100vw, 300px\" \/><\/div>\n\t\t<\/figure>\n\t<\/div>\n<\/div><\/div><\/div><div class=\"wpb_column vc_column_container vc_col-sm-6 et-dark-column\"><div class=\"vc_column-inner\"><div class=\"wpb_wrapper\">\n\t<div class=\"wpb_text_column wpb_content_element\" >\n\t\t<div class=\"wpb_wrapper\">\n\t\t\t<p><a href=\"http:\/\/www.reiseart.de\">www.reiseart.de<\/a><\/p>\n<p>We take you to the most beautiful places in the world and create special moments that will be remembered.<\/p>\n<p>Experience travelling with us in a new way. <strong>Travel. Real. Different.<\/strong><\/p>\n\n\t\t<\/div>\n\t<\/div>\n<\/div><\/div><\/div><\/div><\/div><div  class=\"sec_row container\"><div class=\"vc_row wpb_row vc_row-fluid\"><div class=\"wpb_column vc_column_container vc_col-sm-6 et-dark-column\"><div class=\"vc_column-inner\"><div class=\"wpb_wrapper\">\n\t<div  class=\"wpb_single_image wpb_content_element vc_align_right\">\n\t\t\n\t\t<figure class=\"wpb_wrapper vc_figure\">\n\t\t\t<div class=\"vc_single_image-wrapper   vc_box_border_grey\"><img width=\"300\" height=\"300\" src=\"https:\/\/golfline.at\/wp-content\/uploads\/2025\/10\/Guertel-gruen2-300x300.jpg\" class=\"vc_single_image-img attachment-medium\" alt=\"\" loading=\"lazy\" srcset=\"https:\/\/golfline.at\/wp-content\/uploads\/2025\/10\/Guertel-gruen2-300x300.jpg 300w, https:\/\/golfline.at\/wp-content\/uploads\/2025\/10\/Guertel-gruen2-150x150.jpg 150w, https:\/\/golfline.at\/wp-content\/uploads\/2025\/10\/Guertel-gruen2-768x768.jpg 768w, https:\/\/golfline.at\/wp-content\/uploads\/2025\/10\/Guertel-gruen2-12x12.jpg 12w, https:\/\/golfline.at\/wp-content\/uploads\/2025\/10\/Guertel-gruen2-900x900.jpg 900w, https:\/\/golfline.at\/wp-content\/uploads\/2025\/10\/Guertel-gruen2-100x100.jpg 100w, https:\/\/golfline.at\/wp-content\/uploads\/2025\/10\/Guertel-gruen2-60x60.jpg 60w, https:\/\/golfline.at\/wp-content\/uploads\/2025\/10\/Guertel-gruen2-90x90.jpg 90w, https:\/\/golfline.at\/wp-content\/uploads\/2025\/10\/Guertel-gruen2.jpg 1000w\" sizes=\"(max-width: 300px) 100vw, 300px\" \/><\/div>\n\t\t<\/figure>\n\t<\/div>\n<\/div><\/div><\/div><div class=\"wpb_column vc_column_container vc_col-sm-6 et-dark-column\"><div class=\"vc_column-inner\"><div class=\"wpb_wrapper\">\n\t<div class=\"wpb_text_column wpb_content_element\" >\n\t\t<div class=\"wpb_wrapper\">\n\t\t\t<p><a href=\"http:\/\/www.abga.at\">www.abga.at<\/a><\/p>\n<p>Austrian Bankers &amp; Finance Golf Association<\/p>\n\n\t\t<\/div>\n\t<\/div>\n<\/div><\/div><\/div><\/div><\/div>","protected":false},"excerpt":{"rendered":"Speziell f\u00fcr GOLFCLUBS, HOTELS, UNTERNEHMEN Ihr Logo auf einem Handschuh, Poloshirt oder auch als Ballmarker f\u00fcr unsere zweifarbigen Wendeg\u00fcrtel. Wir gehen auf jegliche W\u00fcnsche unserer Kunden ein und fertigen auch in Kleinserien. Perfekt geeignet als Startgeschenk f\u00fcr Turniere, f\u00fcr Tombola oder auch einfach als Werbung! Sie erhalten vorab einige Vorschl\u00e4ge,&hellip;","protected":false},"author":1,"featured_media":0,"parent":0,"menu_order":0,"comment_status":"closed","ping_status":"closed","template":"","meta":[],"_links":{"self":[{"href":"https:\/\/golfline.at\/en\/wp-json\/wp\/v2\/pages\/6727"}],"collection":[{"href":"https:\/\/golfline.at\/en\/wp-json\/wp\/v2\/pages"}],"about":[{"href":"https:\/\/golfline.at\/en\/wp-json\/wp\/v2\/types\/page"}],"author":[{"embeddable":true,"href":"https:\/\/golfline.at\/en\/wp-json\/wp\/v2\/users\/1"}],"replies":[{"embeddable":true,"href":"https:\/\/golfline.at\/en\/wp-json\/wp\/v2\/comments?post=6727"}],"version-history":[{"count":32,"href":"https:\/\/golfline.at\/en\/wp-json\/wp\/v2\/pages\/6727\/revisions"}],"predecessor-version":[{"id":12038,"href":"https:\/\/golfline.at\/en\/wp-json\/wp\/v2\/pages\/6727\/revisions\/12038"}],"wp:attachment":[{"href":"https:\/\/golfline.at\/en\/wp-json\/wp\/v2\/media?parent=6727"}],"curies":[{"name":"wp","href":"https:\/\/api.w.org\/{rel}","templated":true}]}}