{"id":10379,"date":"2024-04-18T14:27:31","date_gmt":"2024-04-18T13:27:31","guid":{"rendered":"https:\/\/golfline.at\/?post_type=product&#038;p=10379"},"modified":"2025-01-28T20:25:37","modified_gmt":"2025-01-28T19:25:37","slug":"pullunder-oegs-herren","status":"publish","type":"product","link":"https:\/\/golfline.at\/en\/shop\/oegs\/pullunder-oegs-herren\/","title":{"rendered":"Pullunder \u00d6GS &#8211; Herren"},"content":{"rendered":"<p><strong>Golfpullunder &#8222;Austria&#8220; &#8211; Herren<br \/>\n<\/strong><\/p>\n<ul>\n<li>Pullunder mit \u00d6GS-Logo<\/li>\n<li>Farbe: rot<\/li>\n<li>Gesticktes Logo auf der linken Brust<\/li>\n<li>V-Ausschnitt<\/li>\n<li>Leichte Strickqualit\u00e4t<\/li>\n<li>maschinenwaschbar 30\u00b0 Schonw\u00e4sche<\/li>\n<li>in verschiedenen Gr\u00f6\u00dfen verf\u00fcgbar<\/li>\n<\/ul>","protected":false},"excerpt":{"rendered":"<p>Golfpullunder &#8222;Austria&#8220; mit \u00d6GS-Logo<\/p>\n<p>&nbsp;<\/p>\n<p>&nbsp;<\/p>\n<p>&nbsp;<\/p>","protected":false},"featured_media":10388,"template":"","meta":[],"product_cat":[375],"product_tag":[],"_links":{"self":[{"href":"https:\/\/golfline.at\/en\/wp-json\/wp\/v2\/product\/10379"}],"collection":[{"href":"https:\/\/golfline.at\/en\/wp-json\/wp\/v2\/product"}],"about":[{"href":"https:\/\/golfline.at\/en\/wp-json\/wp\/v2\/types\/product"}],"wp:featuredmedia":[{"embeddable":true,"href":"https:\/\/golfline.at\/en\/wp-json\/wp\/v2\/media\/10388"}],"wp:attachment":[{"href":"https:\/\/golfline.at\/en\/wp-json\/wp\/v2\/media?parent=10379"}],"wp:term":[{"taxonomy":"product_cat","embeddable":true,"href":"https:\/\/golfline.at\/en\/wp-json\/wp\/v2\/product_cat?post=10379"},{"taxonomy":"product_tag","embeddable":true,"href":"https:\/\/golfline.at\/en\/wp-json\/wp\/v2\/product_tag?post=10379"}],"curies":[{"name":"wp","href":"https:\/\/api.w.org\/{rel}","templated":true}]}}