{"id":10407,"date":"2024-04-19T15:21:33","date_gmt":"2024-04-19T14:21:33","guid":{"rendered":"https:\/\/golfline.at\/?post_type=product&#038;p=10407"},"modified":"2024-07-17T21:38:59","modified_gmt":"2024-07-17T20:38:59","slug":"golfguertel-schwarz-weiss-bankersgolf","status":"publish","type":"product","link":"https:\/\/golfline.at\/en\/shop\/bankersgolf\/golfguertel-schwarz-weiss-bankersgolf\/","title":{"rendered":"Golfg\u00fcrtel schwarz\/wei\u00df &#8211; Bankersgolf"},"content":{"rendered":"<p><strong>Wendeg\u00fcrtel f\u00fcr Damen und Herren mit Ballmarker &#8222;Bankersgolf&#8220;<br \/>\n<\/strong><\/p>\n<ul>\n<li>High quality leather belt<\/li>\n<li>Reversible belt black resp. white<\/li>\n<li>Turnable belt buckle<\/li>\n<li>Length simple shortening as required<\/li>\n<li>belt length 135 cm - belt width 3,2 cm<\/li>\n<li>Ballmarker on the belt buckle<\/li>\n<li>Delivery in gift box<\/li>\n<\/ul>","protected":false},"excerpt":{"rendered":"<p>Two-coloured reversible golf-leather belt with ballmarker - the perfect complement to your outfit!<\/p>\n<p>Our belts are available in the following colour variants:<\/p>\n<p>blue\/white - red\/pink - grey\/green - orange\/sand - black\/white<\/p>","protected":false},"featured_media":10856,"template":"","meta":[],"product_cat":[381],"product_tag":[],"_links":{"self":[{"href":"https:\/\/golfline.at\/en\/wp-json\/wp\/v2\/product\/10407"}],"collection":[{"href":"https:\/\/golfline.at\/en\/wp-json\/wp\/v2\/product"}],"about":[{"href":"https:\/\/golfline.at\/en\/wp-json\/wp\/v2\/types\/product"}],"wp:featuredmedia":[{"embeddable":true,"href":"https:\/\/golfline.at\/en\/wp-json\/wp\/v2\/media\/10856"}],"wp:attachment":[{"href":"https:\/\/golfline.at\/en\/wp-json\/wp\/v2\/media?parent=10407"}],"wp:term":[{"taxonomy":"product_cat","embeddable":true,"href":"https:\/\/golfline.at\/en\/wp-json\/wp\/v2\/product_cat?post=10407"},{"taxonomy":"product_tag","embeddable":true,"href":"https:\/\/golfline.at\/en\/wp-json\/wp\/v2\/product_tag?post=10407"}],"curies":[{"name":"wp","href":"https:\/\/api.w.org\/{rel}","templated":true}]}}