{"id":10695,"date":"2024-06-25T16:09:47","date_gmt":"2024-06-25T15:09:47","guid":{"rendered":"https:\/\/golfline.at\/?post_type=product&#038;p=10695"},"modified":"2024-09-03T07:31:53","modified_gmt":"2024-09-03T06:31:53","slug":"golfguertel-grau-gruen-abga","status":"publish","type":"product","link":"https:\/\/golfline.at\/en\/shop\/abga\/golfguertel-grau-gruen-abga\/","title":{"rendered":"Golfg\u00fcrtel grau\/gr\u00fcn &#8211; ABGA"},"content":{"rendered":"<p><strong>Wendeg\u00fcrtel f\u00fcr Damen und Herren mit Ballmarker &#8222;ABGA&#8220;<br \/>\n<\/strong><\/p>\n<ul>\n<li>High quality leather belt<\/li>\n<li>reversible belt grey resp. green<\/li>\n<li>Turnable belt buckle<\/li>\n<li>Length simple shortening as required<\/li>\n<li>belt length 135 cm - belt width 3,2 cm<\/li>\n<li>Ballmarker on the belt buckle<\/li>\n<li>Delivery in gift box<\/li>\n<\/ul>","protected":false},"excerpt":{"rendered":"<p>Two-coloured reversible golf-leather belt with ballmarker - the perfect complement to your outfit!<\/p>\n<p>Our belts are available in the following colour variants:<\/p>\n<p>blue\/white - red\/pink - grey\/green - orange\/sand - black\/white<\/p>","protected":false},"featured_media":10696,"template":"","meta":[],"product_cat":[389],"product_tag":[],"_links":{"self":[{"href":"https:\/\/golfline.at\/en\/wp-json\/wp\/v2\/product\/10695"}],"collection":[{"href":"https:\/\/golfline.at\/en\/wp-json\/wp\/v2\/product"}],"about":[{"href":"https:\/\/golfline.at\/en\/wp-json\/wp\/v2\/types\/product"}],"wp:featuredmedia":[{"embeddable":true,"href":"https:\/\/golfline.at\/en\/wp-json\/wp\/v2\/media\/10696"}],"wp:attachment":[{"href":"https:\/\/golfline.at\/en\/wp-json\/wp\/v2\/media?parent=10695"}],"wp:term":[{"taxonomy":"product_cat","embeddable":true,"href":"https:\/\/golfline.at\/en\/wp-json\/wp\/v2\/product_cat?post=10695"},{"taxonomy":"product_tag","embeddable":true,"href":"https:\/\/golfline.at\/en\/wp-json\/wp\/v2\/product_tag?post=10695"}],"curies":[{"name":"wp","href":"https:\/\/api.w.org\/{rel}","templated":true}]}}