{"id":10844,"date":"2024-07-17T21:22:29","date_gmt":"2024-07-17T20:22:29","guid":{"rendered":"https:\/\/golfline.at\/?post_type=product&#038;p=10844"},"modified":"2024-07-23T18:20:14","modified_gmt":"2024-07-23T17:20:14","slug":"golfguertel-blau-weiss-abga","status":"publish","type":"product","link":"https:\/\/golfline.at\/en\/shop\/abga\/golfguertel-blau-weiss-abga\/","title":{"rendered":"Golfg\u00fcrtel blau\/wei\u00df &#8211; ABGA"},"content":{"rendered":"<p><strong>Wendeg\u00fcrtel f\u00fcr Damen und Herren mit Ballmarker &#8222;ABGA&#8220;<br \/>\n<\/strong><\/p>\n<ul>\n<li>High quality leather belt<\/li>\n<li>Reversible belt blue resp. white<\/li>\n<li>Turnable belt buckle<\/li>\n<li>Length simple shortening as required<\/li>\n<li>belt length 135 cm - belt width 3,2 cm<\/li>\n<li>Ballmarker on the belt buckle<\/li>\n<li>Delivery in gift box<\/li>\n<\/ul>","protected":false},"excerpt":{"rendered":"<p>Two-coloured reversible golf-leather belt with ballmarker - the perfect complement to your outfit!<\/p>\n<p>Our belts are available in the following colour variants:<\/p>\n<p>blue\/white - red\/pink - grey\/green - orange\/sand - black\/white<\/p>","protected":false},"featured_media":10845,"template":"","meta":[],"product_cat":[389],"product_tag":[],"_links":{"self":[{"href":"https:\/\/golfline.at\/en\/wp-json\/wp\/v2\/product\/10844"}],"collection":[{"href":"https:\/\/golfline.at\/en\/wp-json\/wp\/v2\/product"}],"about":[{"href":"https:\/\/golfline.at\/en\/wp-json\/wp\/v2\/types\/product"}],"wp:featuredmedia":[{"embeddable":true,"href":"https:\/\/golfline.at\/en\/wp-json\/wp\/v2\/media\/10845"}],"wp:attachment":[{"href":"https:\/\/golfline.at\/en\/wp-json\/wp\/v2\/media?parent=10844"}],"wp:term":[{"taxonomy":"product_cat","embeddable":true,"href":"https:\/\/golfline.at\/en\/wp-json\/wp\/v2\/product_cat?post=10844"},{"taxonomy":"product_tag","embeddable":true,"href":"https:\/\/golfline.at\/en\/wp-json\/wp\/v2\/product_tag?post=10844"}],"curies":[{"name":"wp","href":"https:\/\/api.w.org\/{rel}","templated":true}]}}