{"id":12023,"date":"2025-10-05T16:14:39","date_gmt":"2025-10-05T15:14:39","guid":{"rendered":"https:\/\/golfline.at\/?post_type=product&#038;p=12023"},"modified":"2025-10-21T10:55:55","modified_gmt":"2025-10-21T09:55:55","slug":"teeholder-ninja-pink","status":"publish","type":"product","link":"https:\/\/golfline.at\/en\/shop\/accessoires\/teeholder-ninja-pink\/","title":{"rendered":"Teeholder &#8222;Ninja&#8220; &#8211; pink"},"content":{"rendered":"<p><strong>Teeholder &#8222;Ninja&#8220; &#8211; Kompakt. Cool. Immer einsatzbereit.<\/strong><\/p>\n<ul>\n<li>Farbenfrohes, originelles Golfzubeh\u00f6r f\u00fcr Ihre Tees<\/li>\n<li>Platz f\u00fcr 13 Tees &#8211; immer griffbereit<\/li>\n<li>Karabiner zum Befestigen am Golfbag<\/li>\n<li>Strapazierf\u00e4higes Material<\/li>\n<li>in 6 Farben verf\u00fcgbar<\/li>\n<li>Humorvolles Geschenk f\u00fcr jeden Golfer<\/li>\n<\/ul>","protected":false},"excerpt":{"rendered":"<p>Teeholder &#8222;Ninja&#8220; &#8211; Kompakt. Cool. Immer einsatzbereit. Farbenfrohes, originelles Golfzubeh\u00f6r f\u00fcr Ihre Tees Platz f\u00fcr 13 Tees &#8211; immer griffbereit Karabiner zum Befestigen am Golfbag Strapazierf\u00e4higes Material in 6 Farben verf\u00fcgbar Humorvolles Geschenk f\u00fcr jeden Golfer<\/p>","protected":false},"featured_media":12019,"template":"","meta":[],"product_cat":[364],"product_tag":[],"_links":{"self":[{"href":"https:\/\/golfline.at\/en\/wp-json\/wp\/v2\/product\/12023"}],"collection":[{"href":"https:\/\/golfline.at\/en\/wp-json\/wp\/v2\/product"}],"about":[{"href":"https:\/\/golfline.at\/en\/wp-json\/wp\/v2\/types\/product"}],"wp:featuredmedia":[{"embeddable":true,"href":"https:\/\/golfline.at\/en\/wp-json\/wp\/v2\/media\/12019"}],"wp:attachment":[{"href":"https:\/\/golfline.at\/en\/wp-json\/wp\/v2\/media?parent=12023"}],"wp:term":[{"taxonomy":"product_cat","embeddable":true,"href":"https:\/\/golfline.at\/en\/wp-json\/wp\/v2\/product_cat?post=12023"},{"taxonomy":"product_tag","embeddable":true,"href":"https:\/\/golfline.at\/en\/wp-json\/wp\/v2\/product_tag?post=12023"}],"curies":[{"name":"wp","href":"https:\/\/api.w.org\/{rel}","templated":true}]}}